{"id":229,"date":"2024-02-27T13:47:48","date_gmt":"2024-02-27T13:47:48","guid":{"rendered":"https:\/\/www.arjazon.nl\/produkte\/industrie-uien\/"},"modified":"2024-02-27T15:14:38","modified_gmt":"2024-02-27T15:14:38","slug":"industriezwiebeln","status":"publish","type":"page","link":"https:\/\/www.arjazon.nl\/de\/produkte\/industriezwiebeln\/","title":{"rendered":"Industriezwiebeln"},"content":{"rendered":"<p>Arjazon unterh\u00e4lt weitgehende Kontakte zu Sch\u00e4lbetrieben in ganz Europa. F\u00fcr diese Kunden sind wir st\u00e4ndig auf der Suche nach\u00a0 Zwiebelchargen, die den\u00a0 speziellen W\u00fcnschen dieser Kunden gerecht werden. Dementsprechend werden die Zwiebeln von Arjazon sortiert oder unmittelbar vom Z\u00fcchter zum Kunden verladen.<\/p>\n","protected":false},"excerpt":{"rendered":"<p>Arjazon unterh\u00e4lt weitgehende Kontakte zu Sch\u00e4lbetrieben in ganz Europa. F\u00fcr diese Kunden sind wir st\u00e4ndig auf der Suche nach\u00a0 Zwiebelchargen, die den\u00a0 speziellen W\u00fcnschen dieser Kunden gerecht werden. Dementsprechend werden die Zwiebeln von Arjazon sortiert oder unmittelbar vom Z\u00fcchter zum Kunden verladen.<\/p>\n","protected":false},"author":1,"featured_media":232,"parent":222,"menu_order":0,"comment_status":"closed","ping_status":"closed","template":"","meta":{"_acf_changed":false,"footnotes":""},"class_list":["post-229","page","type-page","status-publish","has-post-thumbnail","hentry"],"acf":[],"yoast_head":"<!-- This site is optimized with the Yoast SEO plugin v23.3 - https:\/\/yoast.com\/wordpress\/plugins\/seo\/ -->\n<title>Industriezwiebeln - Arjazon Uienhandel B.V.<\/title>\n<meta name=\"robots\" content=\"index, follow, max-snippet:-1, max-image-preview:large, max-video-preview:-1\" \/>\n<link rel=\"canonical\" href=\"https:\/\/www.arjazon.nl\/de\/produkte\/industriezwiebeln\/\" \/>\n<meta property=\"og:locale\" content=\"de_DE\" \/>\n<meta property=\"og:type\" content=\"article\" \/>\n<meta property=\"og:title\" content=\"Industriezwiebeln - Arjazon Uienhandel B.V.\" \/>\n<meta property=\"og:description\" content=\"Arjazon unterh\u00e4lt weitgehende Kontakte zu Sch\u00e4lbetrieben in ganz Europa. F\u00fcr diese Kunden sind wir st\u00e4ndig auf der Suche nach\u00a0 Zwiebelchargen, die den\u00a0 speziellen W\u00fcnschen dieser Kunden gerecht werden. Dementsprechend werden die Zwiebeln von Arjazon sortiert oder unmittelbar vom Z\u00fcchter zum Kunden verladen.\" \/>\n<meta property=\"og:url\" content=\"https:\/\/www.arjazon.nl\/de\/produkte\/industriezwiebeln\/\" \/>\n<meta property=\"og:site_name\" content=\"Arjazon Uienhandel B.V.\" \/>\n<meta property=\"article:modified_time\" content=\"2024-02-27T15:14:38+00:00\" \/>\n<meta property=\"og:image\" content=\"https:\/\/www.arjazon.nl\/wp-content\/uploads\/2024\/02\/MVC-001S.jpg\" \/>\n\t<meta property=\"og:image:width\" content=\"416\" \/>\n\t<meta property=\"og:image:height\" content=\"312\" \/>\n\t<meta property=\"og:image:type\" content=\"image\/jpeg\" \/>\n<meta name=\"twitter:card\" content=\"summary_large_image\" \/>\n<meta name=\"twitter:label1\" content=\"Gesch\u00e4tzte Lesezeit\" \/>\n\t<meta name=\"twitter:data1\" content=\"1\u00a0Minute\" \/>\n<script type=\"application\/ld+json\" class=\"yoast-schema-graph\">{\"@context\":\"https:\/\/schema.org\",\"@graph\":[{\"@type\":\"WebPage\",\"@id\":\"https:\/\/www.arjazon.nl\/de\/produkte\/industriezwiebeln\/\",\"url\":\"https:\/\/www.arjazon.nl\/de\/produkte\/industriezwiebeln\/\",\"name\":\"Industriezwiebeln - Arjazon Uienhandel B.V.\",\"isPartOf\":{\"@id\":\"https:\/\/www.arjazon.nl\/#website\"},\"primaryImageOfPage\":{\"@id\":\"https:\/\/www.arjazon.nl\/de\/produkte\/industriezwiebeln\/#primaryimage\"},\"image\":{\"@id\":\"https:\/\/www.arjazon.nl\/de\/produkte\/industriezwiebeln\/#primaryimage\"},\"thumbnailUrl\":\"https:\/\/www.arjazon.nl\/wp-content\/uploads\/2024\/02\/MVC-001S.jpg\",\"datePublished\":\"2024-02-27T13:47:48+00:00\",\"dateModified\":\"2024-02-27T15:14:38+00:00\",\"breadcrumb\":{\"@id\":\"https:\/\/www.arjazon.nl\/de\/produkte\/industriezwiebeln\/#breadcrumb\"},\"inLanguage\":\"de\",\"potentialAction\":[{\"@type\":\"ReadAction\",\"target\":[\"https:\/\/www.arjazon.nl\/de\/produkte\/industriezwiebeln\/\"]}]},{\"@type\":\"ImageObject\",\"inLanguage\":\"de\",\"@id\":\"https:\/\/www.arjazon.nl\/de\/produkte\/industriezwiebeln\/#primaryimage\",\"url\":\"https:\/\/www.arjazon.nl\/wp-content\/uploads\/2024\/02\/MVC-001S.jpg\",\"contentUrl\":\"https:\/\/www.arjazon.nl\/wp-content\/uploads\/2024\/02\/MVC-001S.jpg\",\"width\":416,\"height\":312},{\"@type\":\"BreadcrumbList\",\"@id\":\"https:\/\/www.arjazon.nl\/de\/produkte\/industriezwiebeln\/#breadcrumb\",\"itemListElement\":[{\"@type\":\"ListItem\",\"position\":1,\"name\":\"Home\",\"item\":\"https:\/\/www.arjazon.nl\/\"},{\"@type\":\"ListItem\",\"position\":2,\"name\":\"Produkte\",\"item\":\"https:\/\/www.arjazon.nl\/de\/produkte\/\"},{\"@type\":\"ListItem\",\"position\":3,\"name\":\"Industriezwiebeln\"}]},{\"@type\":\"WebSite\",\"@id\":\"https:\/\/www.arjazon.nl\/#website\",\"url\":\"https:\/\/www.arjazon.nl\/\",\"name\":\"Arjazon Uienhandel B.V.\",\"description\":\"\",\"potentialAction\":[{\"@type\":\"SearchAction\",\"target\":{\"@type\":\"EntryPoint\",\"urlTemplate\":\"https:\/\/www.arjazon.nl\/?s={search_term_string}\"},\"query-input\":\"required name=search_term_string\"}],\"inLanguage\":\"de\"}]}<\/script>\n<!-- \/ Yoast SEO plugin. -->","yoast_head_json":{"title":"Industriezwiebeln - Arjazon Uienhandel B.V.","robots":{"index":"index","follow":"follow","max-snippet":"max-snippet:-1","max-image-preview":"max-image-preview:large","max-video-preview":"max-video-preview:-1"},"canonical":"https:\/\/www.arjazon.nl\/de\/produkte\/industriezwiebeln\/","og_locale":"de_DE","og_type":"article","og_title":"Industriezwiebeln - Arjazon Uienhandel B.V.","og_description":"Arjazon unterh\u00e4lt weitgehende Kontakte zu Sch\u00e4lbetrieben in ganz Europa. F\u00fcr diese Kunden sind wir st\u00e4ndig auf der Suche nach\u00a0 Zwiebelchargen, die den\u00a0 speziellen W\u00fcnschen dieser Kunden gerecht werden. Dementsprechend werden die Zwiebeln von Arjazon sortiert oder unmittelbar vom Z\u00fcchter zum Kunden verladen.","og_url":"https:\/\/www.arjazon.nl\/de\/produkte\/industriezwiebeln\/","og_site_name":"Arjazon Uienhandel B.V.","article_modified_time":"2024-02-27T15:14:38+00:00","og_image":[{"width":416,"height":312,"url":"https:\/\/www.arjazon.nl\/wp-content\/uploads\/2024\/02\/MVC-001S.jpg","type":"image\/jpeg"}],"twitter_card":"summary_large_image","twitter_misc":{"Gesch\u00e4tzte Lesezeit":"1\u00a0Minute"},"schema":{"@context":"https:\/\/schema.org","@graph":[{"@type":"WebPage","@id":"https:\/\/www.arjazon.nl\/de\/produkte\/industriezwiebeln\/","url":"https:\/\/www.arjazon.nl\/de\/produkte\/industriezwiebeln\/","name":"Industriezwiebeln - Arjazon Uienhandel B.V.","isPartOf":{"@id":"https:\/\/www.arjazon.nl\/#website"},"primaryImageOfPage":{"@id":"https:\/\/www.arjazon.nl\/de\/produkte\/industriezwiebeln\/#primaryimage"},"image":{"@id":"https:\/\/www.arjazon.nl\/de\/produkte\/industriezwiebeln\/#primaryimage"},"thumbnailUrl":"https:\/\/www.arjazon.nl\/wp-content\/uploads\/2024\/02\/MVC-001S.jpg","datePublished":"2024-02-27T13:47:48+00:00","dateModified":"2024-02-27T15:14:38+00:00","breadcrumb":{"@id":"https:\/\/www.arjazon.nl\/de\/produkte\/industriezwiebeln\/#breadcrumb"},"inLanguage":"de","potentialAction":[{"@type":"ReadAction","target":["https:\/\/www.arjazon.nl\/de\/produkte\/industriezwiebeln\/"]}]},{"@type":"ImageObject","inLanguage":"de","@id":"https:\/\/www.arjazon.nl\/de\/produkte\/industriezwiebeln\/#primaryimage","url":"https:\/\/www.arjazon.nl\/wp-content\/uploads\/2024\/02\/MVC-001S.jpg","contentUrl":"https:\/\/www.arjazon.nl\/wp-content\/uploads\/2024\/02\/MVC-001S.jpg","width":416,"height":312},{"@type":"BreadcrumbList","@id":"https:\/\/www.arjazon.nl\/de\/produkte\/industriezwiebeln\/#breadcrumb","itemListElement":[{"@type":"ListItem","position":1,"name":"Home","item":"https:\/\/www.arjazon.nl\/"},{"@type":"ListItem","position":2,"name":"Produkte","item":"https:\/\/www.arjazon.nl\/de\/produkte\/"},{"@type":"ListItem","position":3,"name":"Industriezwiebeln"}]},{"@type":"WebSite","@id":"https:\/\/www.arjazon.nl\/#website","url":"https:\/\/www.arjazon.nl\/","name":"Arjazon Uienhandel B.V.","description":"","potentialAction":[{"@type":"SearchAction","target":{"@type":"EntryPoint","urlTemplate":"https:\/\/www.arjazon.nl\/?s={search_term_string}"},"query-input":"required name=search_term_string"}],"inLanguage":"de"}]}},"_links":{"self":[{"href":"https:\/\/www.arjazon.nl\/de\/wp-json\/wp\/v2\/pages\/229"}],"collection":[{"href":"https:\/\/www.arjazon.nl\/de\/wp-json\/wp\/v2\/pages"}],"about":[{"href":"https:\/\/www.arjazon.nl\/de\/wp-json\/wp\/v2\/types\/page"}],"author":[{"embeddable":true,"href":"https:\/\/www.arjazon.nl\/de\/wp-json\/wp\/v2\/users\/1"}],"replies":[{"embeddable":true,"href":"https:\/\/www.arjazon.nl\/de\/wp-json\/wp\/v2\/comments?post=229"}],"version-history":[{"count":1,"href":"https:\/\/www.arjazon.nl\/de\/wp-json\/wp\/v2\/pages\/229\/revisions"}],"predecessor-version":[{"id":241,"href":"https:\/\/www.arjazon.nl\/de\/wp-json\/wp\/v2\/pages\/229\/revisions\/241"}],"up":[{"embeddable":true,"href":"https:\/\/www.arjazon.nl\/de\/wp-json\/wp\/v2\/pages\/222"}],"wp:featuredmedia":[{"embeddable":true,"href":"https:\/\/www.arjazon.nl\/de\/wp-json\/wp\/v2\/media\/232"}],"wp:attachment":[{"href":"https:\/\/www.arjazon.nl\/de\/wp-json\/wp\/v2\/media?parent=229"}],"curies":[{"name":"wp","href":"https:\/\/api.w.org\/{rel}","templated":true}]}}