{"id":222,"date":"2024-02-27T12:05:13","date_gmt":"2024-02-27T12:05:13","guid":{"rendered":"https:\/\/www.arjazon.nl\/producten\/"},"modified":"2024-02-27T15:08:11","modified_gmt":"2024-02-27T15:08:11","slug":"produkte","status":"publish","type":"page","link":"https:\/\/www.arjazon.nl\/de\/produkte\/","title":{"rendered":"Produkte"},"content":{"rendered":"<p>Die Produkte von Arjazon Uienhandel k\u00f6nnen ungef\u00e4hr in 3 Gruppen aufgeteilt werden.<\/p>\n<p>Unser Hauptprodukt ist: sortierte Zwiebeln. Diese Zwiebeln bereiten wir f\u00fcr den weltweiten Export vor.<\/p>\n<p>Au\u00dferdem vermarktet Arjazon Zwiebeln an die verarbeitende\u00a0 Industrie, vor allem an die Sch\u00e4lbetriebe.<\/p>\n<p>Durch die intensiven Kontakte zu den Sch\u00e4lbetrieben ist Arjazon auch ausgezeichnet in der Lage, gesch\u00e4lte Zwiebeln zu liefern.<\/p>\n","protected":false},"excerpt":{"rendered":"<p>Die Produkte von Arjazon Uienhandel k\u00f6nnen ungef\u00e4hr in 3 Gruppen aufgeteilt werden. Unser Hauptprodukt ist: sortierte Zwiebeln. Diese Zwiebeln bereiten wir f\u00fcr den weltweiten Export vor. Au\u00dferdem vermarktet Arjazon Zwiebeln an die verarbeitende\u00a0 Industrie, vor allem an die Sch\u00e4lbetriebe. Durch die intensiven Kontakte zu den Sch\u00e4lbetrieben ist Arjazon auch ausgezeichnet in der Lage, gesch\u00e4lte Zwiebeln [&hellip;]<\/p>\n","protected":false},"author":1,"featured_media":0,"parent":0,"menu_order":0,"comment_status":"closed","ping_status":"closed","template":"","meta":{"_acf_changed":false,"footnotes":""},"class_list":["post-222","page","type-page","status-publish","hentry"],"acf":[],"yoast_head":"<!-- This site is optimized with the Yoast SEO plugin v23.3 - https:\/\/yoast.com\/wordpress\/plugins\/seo\/ -->\n<title>Produkte - Arjazon Uienhandel B.V.<\/title>\n<meta name=\"robots\" content=\"index, follow, max-snippet:-1, max-image-preview:large, max-video-preview:-1\" \/>\n<link rel=\"canonical\" href=\"https:\/\/www.arjazon.nl\/de\/produkte\/\" \/>\n<meta property=\"og:locale\" content=\"de_DE\" \/>\n<meta property=\"og:type\" content=\"article\" \/>\n<meta property=\"og:title\" content=\"Produkte - Arjazon Uienhandel B.V.\" \/>\n<meta property=\"og:description\" content=\"Die Produkte von Arjazon Uienhandel k\u00f6nnen ungef\u00e4hr in 3 Gruppen aufgeteilt werden. Unser Hauptprodukt ist: sortierte Zwiebeln. Diese Zwiebeln bereiten wir f\u00fcr den weltweiten Export vor. Au\u00dferdem vermarktet Arjazon Zwiebeln an die verarbeitende\u00a0 Industrie, vor allem an die Sch\u00e4lbetriebe. Durch die intensiven Kontakte zu den Sch\u00e4lbetrieben ist Arjazon auch ausgezeichnet in der Lage, gesch\u00e4lte Zwiebeln [&hellip;]\" \/>\n<meta property=\"og:url\" content=\"https:\/\/www.arjazon.nl\/de\/produkte\/\" \/>\n<meta property=\"og:site_name\" content=\"Arjazon Uienhandel B.V.\" \/>\n<meta property=\"article:modified_time\" content=\"2024-02-27T15:08:11+00:00\" \/>\n<meta name=\"twitter:card\" content=\"summary_large_image\" \/>\n<meta name=\"twitter:label1\" content=\"Gesch\u00e4tzte Lesezeit\" \/>\n\t<meta name=\"twitter:data1\" content=\"1\u00a0Minute\" \/>\n<script type=\"application\/ld+json\" class=\"yoast-schema-graph\">{\"@context\":\"https:\/\/schema.org\",\"@graph\":[{\"@type\":\"WebPage\",\"@id\":\"https:\/\/www.arjazon.nl\/de\/produkte\/\",\"url\":\"https:\/\/www.arjazon.nl\/de\/produkte\/\",\"name\":\"Produkte - Arjazon Uienhandel B.V.\",\"isPartOf\":{\"@id\":\"https:\/\/www.arjazon.nl\/#website\"},\"datePublished\":\"2024-02-27T12:05:13+00:00\",\"dateModified\":\"2024-02-27T15:08:11+00:00\",\"breadcrumb\":{\"@id\":\"https:\/\/www.arjazon.nl\/de\/produkte\/#breadcrumb\"},\"inLanguage\":\"de\",\"potentialAction\":[{\"@type\":\"ReadAction\",\"target\":[\"https:\/\/www.arjazon.nl\/de\/produkte\/\"]}]},{\"@type\":\"BreadcrumbList\",\"@id\":\"https:\/\/www.arjazon.nl\/de\/produkte\/#breadcrumb\",\"itemListElement\":[{\"@type\":\"ListItem\",\"position\":1,\"name\":\"Home\",\"item\":\"https:\/\/www.arjazon.nl\/\"},{\"@type\":\"ListItem\",\"position\":2,\"name\":\"Produkte\"}]},{\"@type\":\"WebSite\",\"@id\":\"https:\/\/www.arjazon.nl\/#website\",\"url\":\"https:\/\/www.arjazon.nl\/\",\"name\":\"Arjazon Uienhandel B.V.\",\"description\":\"\",\"potentialAction\":[{\"@type\":\"SearchAction\",\"target\":{\"@type\":\"EntryPoint\",\"urlTemplate\":\"https:\/\/www.arjazon.nl\/?s={search_term_string}\"},\"query-input\":\"required name=search_term_string\"}],\"inLanguage\":\"de\"}]}<\/script>\n<!-- \/ Yoast SEO plugin. -->","yoast_head_json":{"title":"Produkte - Arjazon Uienhandel B.V.","robots":{"index":"index","follow":"follow","max-snippet":"max-snippet:-1","max-image-preview":"max-image-preview:large","max-video-preview":"max-video-preview:-1"},"canonical":"https:\/\/www.arjazon.nl\/de\/produkte\/","og_locale":"de_DE","og_type":"article","og_title":"Produkte - Arjazon Uienhandel B.V.","og_description":"Die Produkte von Arjazon Uienhandel k\u00f6nnen ungef\u00e4hr in 3 Gruppen aufgeteilt werden. Unser Hauptprodukt ist: sortierte Zwiebeln. Diese Zwiebeln bereiten wir f\u00fcr den weltweiten Export vor. Au\u00dferdem vermarktet Arjazon Zwiebeln an die verarbeitende\u00a0 Industrie, vor allem an die Sch\u00e4lbetriebe. Durch die intensiven Kontakte zu den Sch\u00e4lbetrieben ist Arjazon auch ausgezeichnet in der Lage, gesch\u00e4lte Zwiebeln [&hellip;]","og_url":"https:\/\/www.arjazon.nl\/de\/produkte\/","og_site_name":"Arjazon Uienhandel B.V.","article_modified_time":"2024-02-27T15:08:11+00:00","twitter_card":"summary_large_image","twitter_misc":{"Gesch\u00e4tzte Lesezeit":"1\u00a0Minute"},"schema":{"@context":"https:\/\/schema.org","@graph":[{"@type":"WebPage","@id":"https:\/\/www.arjazon.nl\/de\/produkte\/","url":"https:\/\/www.arjazon.nl\/de\/produkte\/","name":"Produkte - Arjazon Uienhandel B.V.","isPartOf":{"@id":"https:\/\/www.arjazon.nl\/#website"},"datePublished":"2024-02-27T12:05:13+00:00","dateModified":"2024-02-27T15:08:11+00:00","breadcrumb":{"@id":"https:\/\/www.arjazon.nl\/de\/produkte\/#breadcrumb"},"inLanguage":"de","potentialAction":[{"@type":"ReadAction","target":["https:\/\/www.arjazon.nl\/de\/produkte\/"]}]},{"@type":"BreadcrumbList","@id":"https:\/\/www.arjazon.nl\/de\/produkte\/#breadcrumb","itemListElement":[{"@type":"ListItem","position":1,"name":"Home","item":"https:\/\/www.arjazon.nl\/"},{"@type":"ListItem","position":2,"name":"Produkte"}]},{"@type":"WebSite","@id":"https:\/\/www.arjazon.nl\/#website","url":"https:\/\/www.arjazon.nl\/","name":"Arjazon Uienhandel B.V.","description":"","potentialAction":[{"@type":"SearchAction","target":{"@type":"EntryPoint","urlTemplate":"https:\/\/www.arjazon.nl\/?s={search_term_string}"},"query-input":"required name=search_term_string"}],"inLanguage":"de"}]}},"_links":{"self":[{"href":"https:\/\/www.arjazon.nl\/de\/wp-json\/wp\/v2\/pages\/222"}],"collection":[{"href":"https:\/\/www.arjazon.nl\/de\/wp-json\/wp\/v2\/pages"}],"about":[{"href":"https:\/\/www.arjazon.nl\/de\/wp-json\/wp\/v2\/types\/page"}],"author":[{"embeddable":true,"href":"https:\/\/www.arjazon.nl\/de\/wp-json\/wp\/v2\/users\/1"}],"replies":[{"embeddable":true,"href":"https:\/\/www.arjazon.nl\/de\/wp-json\/wp\/v2\/comments?post=222"}],"version-history":[{"count":1,"href":"https:\/\/www.arjazon.nl\/de\/wp-json\/wp\/v2\/pages\/222\/revisions"}],"predecessor-version":[{"id":224,"href":"https:\/\/www.arjazon.nl\/de\/wp-json\/wp\/v2\/pages\/222\/revisions\/224"}],"wp:attachment":[{"href":"https:\/\/www.arjazon.nl\/de\/wp-json\/wp\/v2\/media?parent=222"}],"curies":[{"name":"wp","href":"https:\/\/api.w.org\/{rel}","templated":true}]}}