{"id":213,"date":"2019-03-08T08:08:09","date_gmt":"2019-03-08T08:08:09","guid":{"rendered":"https:\/\/www.arjazon.nl\/home\/"},"modified":"2024-02-27T15:18:50","modified_gmt":"2024-02-27T15:18:50","slug":"home","status":"publish","type":"page","link":"https:\/\/www.arjazon.nl\/de\/","title":{"rendered":"Home"},"content":{"rendered":"<p>Arjazon Uienhandel B.V. ist ein Unternehmen, das schon seit Jahren einen eigenen Platz in der niederl\u00e4ndischen Zwiebelbranche erlangt hat. \u00a0\u00a0Die Kernaktivit\u00e4t unseres Unternehmens besteht aus dem Trocknen,\u00a0 Sortieren nach Gr\u00f6\u00dfe und Qualit\u00e4t und dem Verpacken von holl\u00e4ndischen Zwiebeln.<\/p>\n<p>Unsere Zwiebeln werden unmittelbar von den Z\u00fcchtern bezogen.<\/p>\n<p>Aus unserem Unternehmen finden die Zwiebeln ihren Weg zu Bestimmungsorten in der ganzen Welt.<\/p>\n","protected":false},"excerpt":{"rendered":"<p>Arjazon Uienhandel B.V. ist ein Unternehmen, das schon seit Jahren einen eigenen Platz in der niederl\u00e4ndischen Zwiebelbranche erlangt hat. \u00a0\u00a0Die Kernaktivit\u00e4t unseres Unternehmens besteht aus dem Trocknen,\u00a0 Sortieren nach Gr\u00f6\u00dfe und Qualit\u00e4t und dem Verpacken von holl\u00e4ndischen Zwiebeln. Unsere Zwiebeln werden unmittelbar von den Z\u00fcchtern bezogen. Aus unserem Unternehmen finden die Zwiebeln ihren Weg zu [&hellip;]<\/p>\n","protected":false},"author":1,"featured_media":181,"parent":0,"menu_order":0,"comment_status":"closed","ping_status":"closed","template":"","meta":{"_acf_changed":false,"footnotes":""},"class_list":["post-213","page","type-page","status-publish","has-post-thumbnail","hentry"],"acf":[],"yoast_head":"<!-- This site is optimized with the Yoast SEO plugin v23.3 - https:\/\/yoast.com\/wordpress\/plugins\/seo\/ -->\n<title>Home - Arjazon Uienhandel B.V.<\/title>\n<meta name=\"robots\" content=\"index, follow, max-snippet:-1, max-image-preview:large, max-video-preview:-1\" \/>\n<link rel=\"canonical\" href=\"https:\/\/www.arjazon.nl\/\" \/>\n<meta property=\"og:locale\" content=\"de_DE\" \/>\n<meta property=\"og:type\" content=\"article\" \/>\n<meta property=\"og:title\" content=\"Home - Arjazon Uienhandel B.V.\" \/>\n<meta property=\"og:description\" content=\"Arjazon Uienhandel B.V. ist ein Unternehmen, das schon seit Jahren einen eigenen Platz in der niederl\u00e4ndischen Zwiebelbranche erlangt hat. \u00a0\u00a0Die Kernaktivit\u00e4t unseres Unternehmens besteht aus dem Trocknen,\u00a0 Sortieren nach Gr\u00f6\u00dfe und Qualit\u00e4t und dem Verpacken von holl\u00e4ndischen Zwiebeln. Unsere Zwiebeln werden unmittelbar von den Z\u00fcchtern bezogen. Aus unserem Unternehmen finden die Zwiebeln ihren Weg zu [&hellip;]\" \/>\n<meta property=\"og:url\" content=\"https:\/\/www.arjazon.nl\/\" \/>\n<meta property=\"og:site_name\" content=\"Arjazon Uienhandel B.V.\" \/>\n<meta property=\"article:modified_time\" content=\"2024-02-27T15:18:50+00:00\" \/>\n<meta property=\"og:image\" content=\"https:\/\/www.arjazon.nl\/wp-content\/uploads\/2024\/02\/veld.png\" \/>\n\t<meta property=\"og:image:width\" content=\"416\" \/>\n\t<meta property=\"og:image:height\" content=\"279\" \/>\n\t<meta property=\"og:image:type\" content=\"image\/png\" \/>\n<meta name=\"twitter:card\" content=\"summary_large_image\" \/>\n<meta name=\"twitter:label1\" content=\"Gesch\u00e4tzte Lesezeit\" \/>\n\t<meta name=\"twitter:data1\" content=\"1\u00a0Minute\" \/>\n<script type=\"application\/ld+json\" class=\"yoast-schema-graph\">{\"@context\":\"https:\/\/schema.org\",\"@graph\":[{\"@type\":\"WebPage\",\"@id\":\"https:\/\/www.arjazon.nl\/\",\"url\":\"https:\/\/www.arjazon.nl\/\",\"name\":\"Home - Arjazon Uienhandel B.V.\",\"isPartOf\":{\"@id\":\"https:\/\/www.arjazon.nl\/#website\"},\"primaryImageOfPage\":{\"@id\":\"https:\/\/www.arjazon.nl\/#primaryimage\"},\"image\":{\"@id\":\"https:\/\/www.arjazon.nl\/#primaryimage\"},\"thumbnailUrl\":\"https:\/\/www.arjazon.nl\/wp-content\/uploads\/2024\/02\/veld.png\",\"datePublished\":\"2019-03-08T08:08:09+00:00\",\"dateModified\":\"2024-02-27T15:18:50+00:00\",\"breadcrumb\":{\"@id\":\"https:\/\/www.arjazon.nl\/#breadcrumb\"},\"inLanguage\":\"de\",\"potentialAction\":[{\"@type\":\"ReadAction\",\"target\":[\"https:\/\/www.arjazon.nl\/\"]}]},{\"@type\":\"ImageObject\",\"inLanguage\":\"de\",\"@id\":\"https:\/\/www.arjazon.nl\/#primaryimage\",\"url\":\"https:\/\/www.arjazon.nl\/wp-content\/uploads\/2024\/02\/veld.png\",\"contentUrl\":\"https:\/\/www.arjazon.nl\/wp-content\/uploads\/2024\/02\/veld.png\",\"width\":416,\"height\":279},{\"@type\":\"BreadcrumbList\",\"@id\":\"https:\/\/www.arjazon.nl\/#breadcrumb\",\"itemListElement\":[{\"@type\":\"ListItem\",\"position\":1,\"name\":\"Home\",\"item\":\"https:\/\/www.arjazon.nl\/\"},{\"@type\":\"ListItem\",\"position\":2,\"name\":\"Home\"}]},{\"@type\":\"WebSite\",\"@id\":\"https:\/\/www.arjazon.nl\/#website\",\"url\":\"https:\/\/www.arjazon.nl\/\",\"name\":\"Arjazon Uienhandel B.V.\",\"description\":\"\",\"potentialAction\":[{\"@type\":\"SearchAction\",\"target\":{\"@type\":\"EntryPoint\",\"urlTemplate\":\"https:\/\/www.arjazon.nl\/?s={search_term_string}\"},\"query-input\":\"required name=search_term_string\"}],\"inLanguage\":\"de\"}]}<\/script>\n<!-- \/ Yoast SEO plugin. -->","yoast_head_json":{"title":"Home - Arjazon Uienhandel B.V.","robots":{"index":"index","follow":"follow","max-snippet":"max-snippet:-1","max-image-preview":"max-image-preview:large","max-video-preview":"max-video-preview:-1"},"canonical":"https:\/\/www.arjazon.nl\/","og_locale":"de_DE","og_type":"article","og_title":"Home - Arjazon Uienhandel B.V.","og_description":"Arjazon Uienhandel B.V. ist ein Unternehmen, das schon seit Jahren einen eigenen Platz in der niederl\u00e4ndischen Zwiebelbranche erlangt hat. \u00a0\u00a0Die Kernaktivit\u00e4t unseres Unternehmens besteht aus dem Trocknen,\u00a0 Sortieren nach Gr\u00f6\u00dfe und Qualit\u00e4t und dem Verpacken von holl\u00e4ndischen Zwiebeln. Unsere Zwiebeln werden unmittelbar von den Z\u00fcchtern bezogen. Aus unserem Unternehmen finden die Zwiebeln ihren Weg zu [&hellip;]","og_url":"https:\/\/www.arjazon.nl\/","og_site_name":"Arjazon Uienhandel B.V.","article_modified_time":"2024-02-27T15:18:50+00:00","og_image":[{"width":416,"height":279,"url":"https:\/\/www.arjazon.nl\/wp-content\/uploads\/2024\/02\/veld.png","type":"image\/png"}],"twitter_card":"summary_large_image","twitter_misc":{"Gesch\u00e4tzte Lesezeit":"1\u00a0Minute"},"schema":{"@context":"https:\/\/schema.org","@graph":[{"@type":"WebPage","@id":"https:\/\/www.arjazon.nl\/","url":"https:\/\/www.arjazon.nl\/","name":"Home - Arjazon Uienhandel B.V.","isPartOf":{"@id":"https:\/\/www.arjazon.nl\/#website"},"primaryImageOfPage":{"@id":"https:\/\/www.arjazon.nl\/#primaryimage"},"image":{"@id":"https:\/\/www.arjazon.nl\/#primaryimage"},"thumbnailUrl":"https:\/\/www.arjazon.nl\/wp-content\/uploads\/2024\/02\/veld.png","datePublished":"2019-03-08T08:08:09+00:00","dateModified":"2024-02-27T15:18:50+00:00","breadcrumb":{"@id":"https:\/\/www.arjazon.nl\/#breadcrumb"},"inLanguage":"de","potentialAction":[{"@type":"ReadAction","target":["https:\/\/www.arjazon.nl\/"]}]},{"@type":"ImageObject","inLanguage":"de","@id":"https:\/\/www.arjazon.nl\/#primaryimage","url":"https:\/\/www.arjazon.nl\/wp-content\/uploads\/2024\/02\/veld.png","contentUrl":"https:\/\/www.arjazon.nl\/wp-content\/uploads\/2024\/02\/veld.png","width":416,"height":279},{"@type":"BreadcrumbList","@id":"https:\/\/www.arjazon.nl\/#breadcrumb","itemListElement":[{"@type":"ListItem","position":1,"name":"Home","item":"https:\/\/www.arjazon.nl\/"},{"@type":"ListItem","position":2,"name":"Home"}]},{"@type":"WebSite","@id":"https:\/\/www.arjazon.nl\/#website","url":"https:\/\/www.arjazon.nl\/","name":"Arjazon Uienhandel B.V.","description":"","potentialAction":[{"@type":"SearchAction","target":{"@type":"EntryPoint","urlTemplate":"https:\/\/www.arjazon.nl\/?s={search_term_string}"},"query-input":"required name=search_term_string"}],"inLanguage":"de"}]}},"_links":{"self":[{"href":"https:\/\/www.arjazon.nl\/de\/wp-json\/wp\/v2\/pages\/213"}],"collection":[{"href":"https:\/\/www.arjazon.nl\/de\/wp-json\/wp\/v2\/pages"}],"about":[{"href":"https:\/\/www.arjazon.nl\/de\/wp-json\/wp\/v2\/types\/page"}],"author":[{"embeddable":true,"href":"https:\/\/www.arjazon.nl\/de\/wp-json\/wp\/v2\/users\/1"}],"replies":[{"embeddable":true,"href":"https:\/\/www.arjazon.nl\/de\/wp-json\/wp\/v2\/comments?post=213"}],"version-history":[{"count":2,"href":"https:\/\/www.arjazon.nl\/de\/wp-json\/wp\/v2\/pages\/213\/revisions"}],"predecessor-version":[{"id":245,"href":"https:\/\/www.arjazon.nl\/de\/wp-json\/wp\/v2\/pages\/213\/revisions\/245"}],"wp:featuredmedia":[{"embeddable":true,"href":"https:\/\/www.arjazon.nl\/de\/wp-json\/wp\/v2\/media\/181"}],"wp:attachment":[{"href":"https:\/\/www.arjazon.nl\/de\/wp-json\/wp\/v2\/media?parent=213"}],"curies":[{"name":"wp","href":"https:\/\/api.w.org\/{rel}","templated":true}]}}